{"id":8,"date":"2017-11-08T09:21:21","date_gmt":"2017-11-08T08:21:21","guid":{"rendered":"http:\/\/www.copearts.com\/?page_id=8"},"modified":"2017-11-14T11:42:25","modified_gmt":"2017-11-14T10:42:25","slug":"a-propos-de","status":"publish","type":"page","link":"https:\/\/www.copearts.com\/index.php\/a-propos-de\/","title":{"rendered":"\u00c0 propos de Coparts"},"content":{"rendered":"<p>Coparts est un duo d\u2019artistes, n\u00e9 de la rencontre impromptue des arts m\u00e9caniques et de l\u2019\u00a0approche esth\u00e9tique du d\u00e9sign.<\/p>\n<p>Cette alliance se base sur la recherche du contraste entre la massivit\u00e9 des mat\u00e9riaux et la fluidit\u00e9 de la composition, cr\u00e9ant ainsi un effet insolite et fascinant.<br \/>\nLes premi\u00e8res r\u00e9alisations consistaient en une composition stabile\u00a0 faisant office de claustra de s\u00e9paration dans une habitation; L\u2019objectif \u00e9tant de cr\u00e9er\u00a0la sensation de l\u00e9g\u00e8ret\u00e9 \u00e0 partir de mat\u00e9riaux industriels lourds, tout en pemettant \u00e0 la lumi\u00e8re de se cr\u00e9er un passage.<\/p>\n<p>Cette recherche de l\u2019illusion cin\u00e9tique devrait bient\u00f4t se concr\u00e9tiser par la cr\u00e9ation d\u2019un mouvement r\u00e9el dans une stucture statique\u00a0,\u00a0en rapport ou non avec\u00a0sa fonctionnalit\u00e9.<\/p>\n<p>Cette d\u00e9marche se retrouve dans la cr\u00e9ation et la dynamisation\u00a0des objets immobiles \u00a0du quotidien: portes, tables, lampes&#8230;<\/p>\n","protected":false},"excerpt":{"rendered":"<p>Coparts est un duo d\u2019artistes, n\u00e9 de la rencontre impromptue des arts m\u00e9caniques et de l\u2019\u00a0approche esth\u00e9tique du d\u00e9sign. Cette alliance se base sur la recherche du contraste entre la massivit\u00e9 des mat\u00e9riaux et la fluidit\u00e9 de la composition, cr\u00e9ant ainsi un effet insolite et fascinant. Les premi\u00e8res r\u00e9alisations consistaient en une composition stabile\u00a0 faisant &hellip; <\/p>\n<p class=\"link-more\"><a href=\"https:\/\/www.copearts.com\/index.php\/a-propos-de\/\" class=\"more-link\">Continue reading<span class=\"screen-reader-text\"> &#8220;\u00c0 propos de Coparts&#8221;<\/span><\/a><\/p>\n","protected":false},"author":1,"featured_media":46,"parent":0,"menu_order":0,"comment_status":"closed","ping_status":"closed","template":"","meta":[],"_links":{"self":[{"href":"https:\/\/www.copearts.com\/index.php\/wp-json\/wp\/v2\/pages\/8"}],"collection":[{"href":"https:\/\/www.copearts.com\/index.php\/wp-json\/wp\/v2\/pages"}],"about":[{"href":"https:\/\/www.copearts.com\/index.php\/wp-json\/wp\/v2\/types\/page"}],"author":[{"embeddable":true,"href":"https:\/\/www.copearts.com\/index.php\/wp-json\/wp\/v2\/users\/1"}],"replies":[{"embeddable":true,"href":"https:\/\/www.copearts.com\/index.php\/wp-json\/wp\/v2\/comments?post=8"}],"version-history":[{"count":4,"href":"https:\/\/www.copearts.com\/index.php\/wp-json\/wp\/v2\/pages\/8\/revisions"}],"predecessor-version":[{"id":58,"href":"https:\/\/www.copearts.com\/index.php\/wp-json\/wp\/v2\/pages\/8\/revisions\/58"}],"wp:featuredmedia":[{"embeddable":true,"href":"https:\/\/www.copearts.com\/index.php\/wp-json\/wp\/v2\/media\/46"}],"wp:attachment":[{"href":"https:\/\/www.copearts.com\/index.php\/wp-json\/wp\/v2\/media?parent=8"}],"curies":[{"name":"wp","href":"https:\/\/api.w.org\/{rel}","templated":true}]}}